{"id":104,"date":"2019-06-05T13:59:10","date_gmt":"2019-06-05T11:59:10","guid":{"rendered":"http:\/\/ensemblelareveuse.com\/evenements\/"},"modified":"2021-11-22T12:03:55","modified_gmt":"2021-11-22T11:03:55","slug":"agenda","status":"publish","type":"page","link":"https:\/\/ensemblelareveuse.com\/en\/agenda\/","title":{"rendered":"Agenda"},"content":{"rendered":"<p><\/a><\/div >\r\n                <p><a href=\"https:\/\/ensemblelareveuse.com\/en\/agenda\/tags\/concert-lecture\/\">concert lecture<\/a><\/p>\r\n         <\/td>\r\n<\/tr>\t<tr>\r\n\t<td>\r\n\r\n\t\t<div class=\"day\">23<\/div >\r\n\t\t<div class=\"month\">May.<\/div >\r\n        <\/td>\r\n        <td>\r\n                <a href=\"https:\/\/ensemblelareveuse.com\/en\/agenda\/ateliers-de-musique-ancienne-28\/\">\r\n\t\t<div class=\"event-location\">Orl\u00e9ans (45) | <span>La R\u00eaveuse<\/span><\/div >\r\n\t\t<div class=\"event-venue\">Conservatoire des Cr\u00e9neaux | <span>13 h 00  - 17 h 00 <\/span><\/div >\r\n                <\/a>\r\n         <\/td>\r\n         <td>\r\n\t\t<div class=\"event-link\"><a href=\"https:\/\/ensemblelareveuse.com\/en\/agenda\/ateliers-de-musique-ancienne-28\/\">Ateliers de musique ancienne<\/a><\/div >\r\n                <p><\/p>\r\n         <\/td>\r\n<\/tr>\t<tr>\r\n\t<td>\r\n\r\n\t\t<div class=\"day\">29<\/div >\r\n\t\t<div class=\"month\">May.<\/div >\r\n        <\/td>\r\n        <td>\r\n                <a href=\"https:\/\/ensemblelareveuse.com\/en\/agenda\/le-concert-champetre-2\/\">\r\n\t\t<div class=\"event-location\">Versailles (78) | <span>Ch\u00e2teau de Versailles<\/span><\/div >\r\n\t\t<div class=\"event-venue\">Ch\u00e2teau de Versailles | <span>19 h 30 <\/span><\/div >\r\n                <\/a>\r\n         <\/td>\r\n         <td>\r\n\t\t<div class=\"event-link\"><a href=\"https:\/\/ensemblelareveuse.com\/en\/agenda\/le-concert-champetre-2\/\"><\/a><\/div >\r\n                <p><a href=\"https:\/\/ensemblelareveuse.com\/en\/agenda\/tags\/concert-reserve-aux-abonnes-de-1-an-a-versailles\/\">Concert r\u00e9serv\u00e9 aux abonn\u00e9s de 1 an \u00e0 Versailles<\/a><\/p>\r\n         <\/td>\r\n<\/tr>\t<tr>\r\n\t<td>\r\n\r\n\t\t<div class=\"day\">30<\/div >\r\n\t\t<div class=\"month\">May.<\/div >\r\n        <\/td>\r\n        <td>\r\n                <a href=\"https:\/\/ensemblelareveuse.com\/en\/agenda\/concert-des-ateliers-de-musique-ancienne-la-reveuse\/\">\r\n\t\t<div class=\"event-location\">Orl\u00e9ans (45) | <span>La R\u00eaveuse<\/span><\/div >\r\n\t\t<div class=\"event-venue\">M\u00e9diath\u00e8que d&#8217;Orl\u00e9ans | <span>16 h 00 <\/span><\/div >\r\n                <\/a>\r\n         <\/td>\r\n         <td>\r\n\t\t<div class=\"event-link\"><a href=\"https:\/\/ensemblelareveuse.com\/en\/agenda\/concert-des-ateliers-de-musique-ancienne-la-reveuse\/\"><\/a><\/div >\r\n                <p><a href=\"https:\/\/ensemblelareveuse.com\/en\/agenda\/tags\/ateliers-de-musique-ancienne\/\">Ateliers de musique ancienne<\/a>, <a href=\"https:\/\/ensemblelareveuse.com\/en\/agenda\/tags\/concert-des-eleves-sur-instruments-anciens\/\">Concert des \u00e9l\u00e8ves sur instruments anciens<\/a><\/p>\r\n         <\/td>\r\n<\/tr>\t<tr>\r\n\t<td>\r\n\r\n\t\t<div class=\"day\">8<\/div >\r\n\t\t<div class=\"month\">Jun.<\/div >\r\n        <\/td>\r\n        <td>\r\n                <a href=\"https:\/\/ensemblelareveuse.com\/en\/agenda\/eac-autour-du-rossignol-et-de-lempereur-de-chine\/\">\r\n\t\t<div class=\"event-location\">Villeneuve-l\u00e8s-Maguelone (34) | <span><\/span><\/div >\r\n\t\t<div class=\"event-venue\">Ecole Pierre Bouissinet | <span>\u00c0 venir<\/span><\/div >\r\n                <\/a>\r\n         <\/td>\r\n         <td>\r\n\t\t<div class=\"event-link\"><a href=\"https:\/\/ensemblelareveuse.com\/en\/agenda\/eac-autour-du-rossignol-et-de-lempereur-de-chine\/\"><\/a><\/div >\r\n                <p><a href=\"https:\/\/ensemblelareveuse.com\/en\/agenda\/tags\/scolaire\/\">School<\/a><\/p>\r\n         <\/td>\r\n<\/tr>\t<tr>\r\n\t<td>\r\n\r\n\t\t<div class=\"day\">8<\/div >\r\n\t\t<div class=\"month\">Jun.<\/div >\r\n        <\/td>\r\n        <td>\r\n                <a href=\"https:\/\/ensemblelareveuse.com\/en\/agenda\/le-rossignol-et-lempereur-de-chine-137\/\">\r\n\t\t<div class=\"event-location\">Villeneuve-l\u00e8s-Maguelone (34) | <span>Festival de musique ancienne \u00e0 Maguelone<\/span><\/div >\r\n\t\t<div class=\"event-venue\">Th\u00e9\u00e2tre J\u00e9r\u00f4me Savary | <span>14 h 30 <\/span><\/div >\r\n                <\/a>\r\n         <\/td>\r\n         <td>\r\n\t\t<div class=\"event-link\"><a href=\"https:\/\/ensemblelareveuse.com\/en\/agenda\/le-rossignol-et-lempereur-de-chine-137\/\">Le Rossignol et l&#039;Empereur de Chine<\/a><\/div >\r\n                <p><a href=\"https:\/\/ensemblelareveuse.com\/en\/agenda\/tags\/scolaire\/\">School<\/a>, <a href=\"https:\/\/ensemblelareveuse.com\/en\/agenda\/tags\/spectacle-musical\/\">Spectacle musical<\/a><\/p>\r\n         <\/td>\r\n<\/tr>\t<tr>\r\n\t<td>\r\n\r\n\t\t<div class=\"day\">9<\/div >\r\n\t\t<div class=\"month\">Jun.<\/div >\r\n        <\/td>\r\n        <td>\r\n                <a href=\"https:\/\/ensemblelareveuse.com\/en\/agenda\/le-rossignol-et-lempereur-de-chine-138\/\">\r\n\t\t<div class=\"event-location\">Villeneuve-l\u00e8s-Maguelone (34) | <span>Festival de musique ancienne \u00e0 Maguelone<\/span><\/div >\r\n\t\t<div class=\"event-venue\">Th\u00e9\u00e2tre J\u00e9r\u00f4me Savary | <span>14 h 30 <\/span><\/div >\r\n                <\/a>\r\n         <\/td>\r\n         <td>\r\n\t\t<div class=\"event-link\"><a href=\"https:\/\/ensemblelareveuse.com\/en\/agenda\/le-rossignol-et-lempereur-de-chine-138\/\">Le Rossignol et l&#039;Empereur de Chine<\/a><\/div >\r\n                <p><a href=\"https:\/\/ensemblelareveuse.com\/en\/agenda\/tags\/scolaire\/\">School<\/a>, <a href=\"https:\/\/ensemblelareveuse.com\/en\/agenda\/tags\/spectacle-musical\/\">Spectacle musical<\/a><\/p>\r\n         <\/td>\r\n<\/tr>\t<tr>\r\n\t<td>\r\n\r\n\t\t<div class=\"day\">9<\/div >\r\n\t\t<div class=\"month\">Jun.<\/div >\r\n        <\/td>\r\n        <td>\r\n                <a href=\"https:\/\/ensemblelareveuse.com\/en\/agenda\/le-rossignol-et-lempereur-de-chine-139\/\">\r\n\t\t<div class=\"event-location\">Villeneuve-l\u00e8s-Maguelone (34) | <span>Festival de musique ancienne \u00e0 Maguelone<\/span><\/div >\r\n\t\t<div class=\"event-venue\">Th\u00e9\u00e2tre J\u00e9r\u00f4me Savary | <span>20 h 00 <\/span><\/div >\r\n                <\/a>\r\n         <\/td>\r\n         <td>\r\n\t\t<div class=\"event-link\"><a href=\"https:\/\/ensemblelareveuse.com\/en\/agenda\/le-rossignol-et-lempereur-de-chine-139\/\">Le Rossignol et l&#039;Empereur de Chine<\/a><\/div >\r\n                <p><a href=\"https:\/\/ensemblelareveuse.com\/en\/agenda\/tags\/spectacle-musical\/\">Spectacle musical<\/a>, <a href=\"https:\/\/ensemblelareveuse.com\/en\/agenda\/tags\/tout-public\/\">For all<\/a><\/p>\r\n         <\/td>\r\n<\/tr>\t<tr>\r\n\t<td>\r\n\r\n\t\t<div class=\"day\">10<\/div >\r\n\t\t<div class=\"month\">Jun.<\/div >\r\n        <\/td>\r\n        <td>\r\n                <a href=\"https:\/\/ensemblelareveuse.com\/en\/agenda\/la-fabuleuse-histoire-des-oiseaux-dans-la-musique-27\/\">\r\n\t\t<div class=\"event-location\">Montpellier  (34) | <span>Les Muses en Dialogue<\/span><\/div >\r\n\t\t<div class=\"event-venue\">M\u00e9diath\u00e8que Emile Zola | <span>11 h 00 <\/span><\/div >\r\n                <\/a>\r\n         <\/td>\r\n         <td>\r\n\t\t<div class=\"event-link\"><a href=\"https:\/\/ensemblelareveuse.com\/en\/agenda\/la-fabuleuse-histoire-des-oiseaux-dans-la-musique-27\/\">La fabuleuse histoire des oiseaux dans la musique<\/a><\/div >\r\n                <p><a href=\"https:\/\/ensemblelareveuse.com\/en\/agenda\/tags\/conference-musicale\/\">Conf\u00e9rence musicale<\/a><\/p>\r\n         <\/td>\r\n<\/tr><\/tbody><\/table><span class=\"em-pagination\" > <strong><span class=\"page-numbers current\">1<\/span><\/strong> <a class=\"page-numbers\" href=\"\/en\/wp-json\/wp\/v2\/pages\/104?pno=2\" title=\"2\">2<\/a>  <a class=\"page-numbers\" href=\"\/en\/wp-json\/wp\/v2\/pages\/104?pno=3\" title=\"3\">3<\/a>  <a class=\"page-numbers\" href=\"\/en\/wp-json\/wp\/v2\/pages\/104?pno=4\" title=\"4\">4<\/a>  <a class=\"page-numbers\" href=\"\/en\/wp-json\/wp\/v2\/pages\/104?pno=5\" title=\"5\">5<\/a>  <a class=\"next page-numbers\" href=\"\/en\/wp-json\/wp\/v2\/pages\/104?pno=2\" title=\"2\">&gt;<\/a>  <\/span><\/div>[\/vc_column_text][vc_column_text]<\/p>\n<h3><a href=\"http:\/\/ensemblelareveuse.com\/agenda\/dates-precedentes\/\">Acc\u00e9der aux dates pass\u00e9es<\/a><\/h3>\n<p>[\/vc_column_text][\/vc_column][\/vc_row][vc_row el_class=&#8221;agenda&#8221;][vc_column][vc_column_text css=&#8221;.vc_custom_1587737399352{margin-top: 46px !important;}&#8221;]<\/p>\n<h2>Upcoming dates<\/h2>\n<p>[\/vc_column_text][vc_column_text]<div class='css-events-list'><h2>2026<\/h2><table class=\"events-table\" >\r\n    <thead>\r\n      <\/thead>\r\n    <tbody>\t<tr>\r\n\t<td>\r\n\r\n\t\t<div class=\"day\">25<\/div >\r\n\t\t<div class=\"month\">Apr.<\/div >\r\n        <\/td>\r\n        <td>\r\n                <a href=\"https:\/\/ensemblelareveuse.com\/en\/agenda\/ateliers-de-musique-ancienne-27\/\">\r\n\t\t<div class=\"event-location\">Orl\u00e9ans (45) | <span>La R\u00eaveuse<\/span><\/div >\r\n\t\t<div class=\"event-venue\">Conservatoire des Cr\u00e9neaux | <span>13 h 00  - 17 h 00 <\/span><\/div >\r\n                <\/a>\r\n         <\/td>\r\n         <td>\r\n\t\t<div class=\"event-link\"><a href=\"https:\/\/ensemblelareveuse.com\/en\/agenda\/ateliers-de-musique-ancienne-27\/\">Ateliers de musique ancienne<\/a><\/div >\r\n                <p><\/p>\r\n         <\/td>\r\n<\/tr>\t<tr>\r\n\t<td>\r\n\r\n\t\t<div class=\"day\">28<\/div >\r\n\t\t<div class=\"month\">Apr.<\/div >\r\n        <\/td>\r\n        <td>\r\n                <a href=\"https:\/\/ensemblelareveuse.com\/en\/agenda\/concert-lecture-loeil-dartemisia\/\">\r\n\t\t<div class=\"event-location\">Chartres (28) | <span>Th\u00e9\u00e2tre OFF de Chartres<\/span><\/div >\r\n\t\t<div class=\"event-venue\">Librairie l&#8217;Esperlu\u00e8te | <span>19 h 30 <\/span><\/div >\r\n                <\/a>\r\n         <\/td>\r\n         <td>\r\n\t\t<div class=\"event-link\"><a href=\"https:\/\/ensemblelareveuse.com\/en\/agenda\/concert-lecture-loeil-dartemisia\/\"><\/a><\/div >\r\n                <p><a href=\"https:\/\/ensemblelareveuse.com\/en\/agenda\/tags\/concert-lecture\/\">concert lecture<\/a><\/p>\r\n         <\/td>\r\n<\/tr>\t<tr>\r\n\t<td>\r\n\r\n\t\t<div class=\"day\">23<\/div >\r\n\t\t<div class=\"month\">May.<\/div >\r\n        <\/td>\r\n        <td>\r\n                <a href=\"https:\/\/ensemblelareveuse.com\/en\/agenda\/ateliers-de-musique-ancienne-28\/\">\r\n\t\t<div class=\"event-location\">Orl\u00e9ans (45) | <span>La R\u00eaveuse<\/span><\/div >\r\n\t\t<div class=\"event-venue\">Conservatoire des Cr\u00e9neaux | <span>13 h 00  - 17 h 00 <\/span><\/div >\r\n                <\/a>\r\n         <\/td>\r\n         <td>\r\n\t\t<div class=\"event-link\"><a href=\"https:\/\/ensemblelareveuse.com\/en\/agenda\/ateliers-de-musique-ancienne-28\/\">Ateliers de musique ancienne<\/a><\/div >\r\n                <p><\/p>\r\n         <\/td>\r\n<\/tr>\t<tr>\r\n\t<td>\r\n\r\n\t\t<div class=\"day\">29<\/div >\r\n\t\t<div class=\"month\">May.<\/div >\r\n        <\/td>\r\n        <td>\r\n                <a href=\"https:\/\/ensemblelareveuse.com\/en\/agenda\/le-concert-champetre-2\/\">\r\n\t\t<div class=\"event-location\">Versailles (78) | <span>Ch\u00e2teau de Versailles<\/span><\/div >\r\n\t\t<div class=\"event-venue\">Ch\u00e2teau de Versailles | <span>19 h 30 <\/span><\/div >\r\n                <\/a>\r\n         <\/td>\r\n         <td>\r\n\t\t<div class=\"event-link\"><a href=\"https:\/\/ensemblelareveuse.com\/en\/agenda\/le-concert-champetre-2\/\"><\/a><\/div >\r\n                <p><a href=\"https:\/\/ensemblelareveuse.com\/en\/agenda\/tags\/concert-reserve-aux-abonnes-de-1-an-a-versailles\/\">Concert r\u00e9serv\u00e9 aux abonn\u00e9s de 1 an \u00e0 Versailles<\/a><\/p>\r\n         <\/td>\r\n<\/tr>\t<tr>\r\n\t<td>\r\n\r\n\t\t<div class=\"day\">30<\/div >\r\n\t\t<div class=\"month\">May.<\/div >\r\n        <\/td>\r\n        <td>\r\n                <a href=\"https:\/\/ensemblelareveuse.com\/en\/agenda\/concert-des-ateliers-de-musique-ancienne-la-reveuse\/\">\r\n\t\t<div class=\"event-location\">Orl\u00e9ans (45) | <span>La R\u00eaveuse<\/span><\/div >\r\n\t\t<div class=\"event-venue\">M\u00e9diath\u00e8que d&#8217;Orl\u00e9ans | <span>16 h 00 <\/span><\/div >\r\n                <\/a>\r\n         <\/td>\r\n         <td>\r\n\t\t<div class=\"event-link\"><a href=\"https:\/\/ensemblelareveuse.com\/en\/agenda\/concert-des-ateliers-de-musique-ancienne-la-reveuse\/\"><\/a><\/div >\r\n                <p><a href=\"https:\/\/ensemblelareveuse.com\/en\/agenda\/tags\/ateliers-de-musique-ancienne\/\">Ateliers de musique ancienne<\/a>, <a href=\"https:\/\/ensemblelareveuse.com\/en\/agenda\/tags\/concert-des-eleves-sur-instruments-anciens\/\">Concert des \u00e9l\u00e8ves sur instruments anciens<\/a><\/p>\r\n         <\/td>\r\n<\/tr>\t<tr>\r\n\t<td>\r\n\r\n\t\t<div class=\"day\">8<\/div >\r\n\t\t<div class=\"month\">Jun.<\/div >\r\n        <\/td>\r\n        <td>\r\n                <a href=\"https:\/\/ensemblelareveuse.com\/en\/agenda\/eac-autour-du-rossignol-et-de-lempereur-de-chine\/\">\r\n\t\t<div class=\"event-location\">Villeneuve-l\u00e8s-Maguelone (34) | <span><\/span><\/div >\r\n\t\t<div class=\"event-venue\">Ecole Pierre Bouissinet | <span>\u00c0 venir<\/span><\/div >\r\n                <\/a>\r\n         <\/td>\r\n         <td>\r\n\t\t<div class=\"event-link\"><a href=\"https:\/\/ensemblelareveuse.com\/en\/agenda\/eac-autour-du-rossignol-et-de-lempereur-de-chine\/\"><\/a><\/div >\r\n                <p><a href=\"https:\/\/ensemblelareveuse.com\/en\/agenda\/tags\/scolaire\/\">School<\/a><\/p>\r\n         <\/td>\r\n<\/tr>\t<tr>\r\n\t<td>\r\n\r\n\t\t<div class=\"day\">8<\/div >\r\n\t\t<div class=\"month\">Jun.<\/div >\r\n        <\/td>\r\n        <td>\r\n                <a href=\"https:\/\/ensemblelareveuse.com\/en\/agenda\/le-rossignol-et-lempereur-de-chine-137\/\">\r\n\t\t<div class=\"event-location\">Villeneuve-l\u00e8s-Maguelone (34) | <span>Festival de musique ancienne \u00e0 Maguelone<\/span><\/div >\r\n\t\t<div class=\"event-venue\">Th\u00e9\u00e2tre J\u00e9r\u00f4me Savary | <span>14 h 30 <\/span><\/div >\r\n                <\/a>\r\n         <\/td>\r\n         <td>\r\n\t\t<div class=\"event-link\"><a href=\"https:\/\/ensemblelareveuse.com\/en\/agenda\/le-rossignol-et-lempereur-de-chine-137\/\">Le Rossignol et l&#039;Empereur de Chine<\/a><\/div >\r\n                <p><a href=\"https:\/\/ensemblelareveuse.com\/en\/agenda\/tags\/scolaire\/\">School<\/a>, <a href=\"https:\/\/ensemblelareveuse.com\/en\/agenda\/tags\/spectacle-musical\/\">Spectacle musical<\/a><\/p>\r\n         <\/td>\r\n<\/tr>\t<tr>\r\n\t<td>\r\n\r\n\t\t<div class=\"day\">9<\/div >\r\n\t\t<div class=\"month\">Jun.<\/div >\r\n        <\/td>\r\n        <td>\r\n                <a href=\"https:\/\/ensemblelareveuse.com\/en\/agenda\/le-rossignol-et-lempereur-de-chine-138\/\">\r\n\t\t<div class=\"event-location\">Villeneuve-l\u00e8s-Maguelone (34) | <span>Festival de musique ancienne \u00e0 Maguelone<\/span><\/div >\r\n\t\t<div class=\"event-venue\">Th\u00e9\u00e2tre J\u00e9r\u00f4me Savary | <span>14 h 30 <\/span><\/div >\r\n                <\/a>\r\n         <\/td>\r\n         <td>\r\n\t\t<div class=\"event-link\"><a href=\"https:\/\/ensemblelareveuse.com\/en\/agenda\/le-rossignol-et-lempereur-de-chine-138\/\">Le Rossignol et l&#039;Empereur de Chine<\/a><\/div >\r\n                <p><a href=\"https:\/\/ensemblelareveuse.com\/en\/agenda\/tags\/scolaire\/\">School<\/a>, <a href=\"https:\/\/ensemblelareveuse.com\/en\/agenda\/tags\/spectacle-musical\/\">Spectacle musical<\/a><\/p>\r\n         <\/td>\r\n<\/tr>\t<tr>\r\n\t<td>\r\n\r\n\t\t<div class=\"day\">9<\/div >\r\n\t\t<div class=\"month\">Jun.<\/div >\r\n        <\/td>\r\n        <td>\r\n                <a href=\"https:\/\/ensemblelareveuse.com\/en\/agenda\/le-rossignol-et-lempereur-de-chine-139\/\">\r\n\t\t<div class=\"event-location\">Villeneuve-l\u00e8s-Maguelone (34) | <span>Festival de musique ancienne \u00e0 Maguelone<\/span><\/div >\r\n\t\t<div class=\"event-venue\">Th\u00e9\u00e2tre J\u00e9r\u00f4me Savary | <span>20 h 00 <\/span><\/div >\r\n                <\/a>\r\n         <\/td>\r\n         <td>\r\n\t\t<div class=\"event-link\"><a href=\"https:\/\/ensemblelareveuse.com\/en\/agenda\/le-rossignol-et-lempereur-de-chine-139\/\">Le Rossignol et l&#039;Empereur de Chine<\/a><\/div >\r\n                <p><a href=\"https:\/\/ensemblelareveuse.com\/en\/agenda\/tags\/spectacle-musical\/\">Spectacle musical<\/a>, <a href=\"https:\/\/ensemblelareveuse.com\/en\/agenda\/tags\/tout-public\/\">For all<\/a><\/p>\r\n         <\/td>\r\n<\/tr>\t<tr>\r\n\t<td>\r\n\r\n\t\t<div class=\"day\">10<\/div >\r\n\t\t<div class=\"month\">Jun.<\/div >\r\n        <\/td>\r\n        <td>\r\n                <a href=\"https:\/\/ensemblelareveuse.com\/en\/agenda\/la-fabuleuse-histoire-des-oiseaux-dans-la-musique-27\/\">\r\n\t\t<div class=\"event-location\">Montpellier  (34) | <span>Les Muses en Dialogue<\/span><\/div >\r\n\t\t<div class=\"event-venue\">M\u00e9diath\u00e8que Emile Zola | <span>11 h 00 <\/span><\/div >\r\n                <\/a>\r\n         <\/td>\r\n         <td>\r\n\t\t<div class=\"event-link\"><a href=\"https:\/\/ensemblelareveuse.com\/en\/agenda\/la-fabuleuse-histoire-des-oiseaux-dans-la-musique-27\/\">La fabuleuse histoire des oiseaux dans la musique<\/a><\/div >\r\n                <p><a href=\"https:\/\/ensemblelareveuse.com\/en\/agenda\/tags\/conference-musicale\/\">Conf\u00e9rence musicale<\/a><\/p>\r\n         <\/td>\r\n<\/tr><\/tbody><\/table><span class=\"em-pagination\" > <strong><span class=\"page-numbers current\">1<\/span><\/strong> <a class=\"page-numbers\" href=\"\/en\/wp-json\/wp\/v2\/pages\/104?pno=2\" title=\"2\">2<\/a>  <a class=\"page-numbers\" href=\"\/en\/wp-json\/wp\/v2\/pages\/104?pno=3\" title=\"3\">3<\/a>  <a class=\"page-numbers\" href=\"\/en\/wp-json\/wp\/v2\/pages\/104?pno=4\" title=\"4\">4<\/a>  <a class=\"page-numbers\" href=\"\/en\/wp-json\/wp\/v2\/pages\/104?pno=5\" title=\"5\">5<\/a>  <a class=\"next page-numbers\" href=\"\/en\/wp-json\/wp\/v2\/pages\/104?pno=2\" title=\"2\">&gt;<\/a>  <\/span><\/div>[\/vc_column_text][vc_column_text]<\/p>\n<h3><a href=\"http:\/\/ensemblelareveuse.com\/agenda\/dates-precedentes\/\">Go to past dates<\/a><\/h3>\n<p>[\/vc_column_text][\/vc_column][\/vc_row]<\/p>","protected":false},"excerpt":{"rendered":"<p>CONTENTS<\/p>\n","protected":false},"author":1,"featured_media":0,"parent":0,"menu_order":0,"comment_status":"closed","ping_status":"open","template":"","meta":{"footnotes":""},"_links":{"self":[{"href":"https:\/\/ensemblelareveuse.com\/en\/wp-json\/wp\/v2\/pages\/104"}],"collection":[{"href":"https:\/\/ensemblelareveuse.com\/en\/wp-json\/wp\/v2\/pages"}],"about":[{"href":"https:\/\/ensemblelareveuse.com\/en\/wp-json\/wp\/v2\/types\/page"}],"author":[{"embeddable":true,"href":"https:\/\/ensemblelareveuse.com\/en\/wp-json\/wp\/v2\/users\/1"}],"replies":[{"embeddable":true,"href":"https:\/\/ensemblelareveuse.com\/en\/wp-json\/wp\/v2\/comments?post=104"}],"version-history":[{"count":98,"href":"https:\/\/ensemblelareveuse.com\/en\/wp-json\/wp\/v2\/pages\/104\/revisions"}],"predecessor-version":[{"id":2287,"href":"https:\/\/ensemblelareveuse.com\/en\/wp-json\/wp\/v2\/pages\/104\/revisions\/2287"}],"wp:attachment":[{"href":"https:\/\/ensemblelareveuse.com\/en\/wp-json\/wp\/v2\/media?parent=104"}],"curies":[{"name":"wp","href":"https:\/\/api.w.org\/{rel}","templated":true}]}}