{"id":470,"date":"2019-07-30T13:57:00","date_gmt":"2019-07-30T11:57:00","guid":{"rendered":"http:\/\/ensemblelareveuse.com\/?page_id=470"},"modified":"2024-01-11T17:29:02","modified_gmt":"2024-01-11T16:29:02","slug":"soutien","status":"publish","type":"page","link":"https:\/\/ensemblelareveuse.com\/en\/soutien\/","title":{"rendered":"Awards and Partners"},"content":{"rendered":"<p>[vc_row][vc_column][vc_column_text]<\/p>\n<p style=\"text-align: justify;\">La R\u00eaveuse Ensemble is supported by the <strong>Ministry of Culture<\/strong> (<strong>DRAC Centre-Val de Loire<\/strong>) and by the <strong>R\u00e9gion Centre-Val de Loire<\/strong> as part of the scheme to aid accredited ensembles, and by the <strong>City of Orl\u00e9ans<\/strong>, the <strong>M\u00e9c\u00e9nat Soci\u00e9t\u00e9 G\u00e9n\u00e9rale<\/strong> and the <strong>Fondation Orange.<\/strong><\/p>\n<p style=\"text-align: justify;\">The ensemble is a member of the <strong>FEVIS<\/strong> &#8211; The Federation of Specialized Vocal and Instrumental Ensembles and of the <strong>Profedim<\/strong> union.<\/p>\n<p style=\"text-align: justify;\">La R\u00eaveuse was awarded the <strong>Gold Medal of the Academy of Arts<\/strong>, <strong>Sciences and Letters of Paris<\/strong> for all of its work.<\/p>\n<p style=\"text-align: justify;\">The <a href=\"http:\/\/ensemblelareveuse.com\/programmes\/opera-bus\/\"><strong>Op\u00e9rabus project<\/strong><\/a> has been awarded numerous prizes: Prix D\u00e9fis FFEA 2018, Prix Mobilit\u00e9 &amp; Culture de la Fondation PSA 2018, Prix 10 000 Volts de la Fondation EDF, Coup de C\u0153ur de la Fondation SNCF, special mention at the Chatons d&#8217;Or 2019.<\/p>\n<p style=\"text-align: justify;\">In 2018, La R\u00eaveuse received the label &#8220;<strong>European Year of Cultural Heritage<\/strong>&#8221; awarded by the French Ministry of Culture.<\/p>\n<p>[\/vc_column_text][\/vc_column][\/vc_row][vc_row css=&#8221;.vc_custom_1569480826748{padding-right: 20% !important;}&#8221;][\/vc_row][vc_row gap=&#8221;35&#8243; css=&#8221;.vc_custom_1569480693218{padding-right: 20% !important;}&#8221;][vc_column width=&#8221;1\/4&#8243;][vc_single_image image=&#8221;572&#8243; img_size=&#8221;medium&#8221; onclick=&#8221;custom_link&#8221; css=&#8221;.vc_custom_1569480927138{padding-right: 40px !important;}&#8221; link=&#8221;http:\/\/www.culturecommunication.gouv.fr\/Regions\/Drac-Centre&#8221;][\/vc_column][vc_column width=&#8221;1\/4&#8243;][vc_single_image image=&#8221;587&#8243; img_size=&#8221;medium&#8221; onclick=&#8221;custom_link&#8221; css=&#8221;.vc_custom_1569480943643{padding-right: 40px !important;}&#8221; link=&#8221;http:\/\/www.regioncentre.fr\/accueil\/les-services-en-ligne\/la-region-centre-vous-aide\/culture.html&#8221;][vc_single_image image=&#8221;593&#8243; img_size=&#8221;medium&#8221; onclick=&#8221;custom_link&#8221; css=&#8221;.vc_custom_1569481016543{padding-right: 40px !important;}&#8221; link=&#8221;http:\/\/www.fondationorange.com\/Culture&#8221;][\/vc_column][vc_column width=&#8221;1\/4&#8243;][vc_single_image image=&#8221;589&#8243; img_size=&#8221;medium&#8221; onclick=&#8221;custom_link&#8221; css=&#8221;.vc_custom_1569480960381{padding-right: 40px !important;}&#8221; link=&#8221;http:\/\/www.orleans.fr\/accueil.htm&#8221;][vc_single_image image=&#8221;592&#8243; img_size=&#8221;medium&#8221; onclick=&#8221;custom_link&#8221; css=&#8221;.vc_custom_1569481054996{padding-right: 40px !important;}&#8221; link=&#8221;https:\/\/www.mecenatmusical.societegenerale.com\/&#8221;][\/vc_column][vc_column width=&#8221;1\/4&#8243;][vc_single_image image=&#8221;591&#8243; img_size=&#8221;medium&#8221; onclick=&#8221;custom_link&#8221; css=&#8221;.vc_custom_1569480979954{padding-right: 40px !important;}&#8221; link=&#8221;http:\/\/ensemblelareveuse.com\/partenaires&#8221;][\/vc_column][\/vc_row][vc_row gap=&#8221;35&#8243; css=&#8221;.vc_custom_1569480830540{padding-right: 20% !important;}&#8221;][vc_column width=&#8221;1\/4&#8243;][vc_single_image image=&#8221;596&#8243; img_size=&#8221;medium&#8221; onclick=&#8221;custom_link&#8221; css=&#8221;.vc_custom_1569481102183{padding-right: 40px !important;}&#8221; link=&#8221;http:\/\/www.spedidam.fr\/accueil.html&#8221;][\/vc_column][vc_column width=&#8221;1\/4&#8243;][vc_single_image image=&#8221;609&#8243; img_size=&#8221;medium&#8221; onclick=&#8221;custom_link&#8221; css=&#8221;.vc_custom_1569481120226{padding-right: 40px !important;}&#8221; link=&#8221;http:\/\/www.lefcm.org\/&#8221;][\/vc_column][vc_column width=&#8221;1\/4&#8243;][vc_single_image image=&#8221;602&#8243; img_size=&#8221;medium&#8221; onclick=&#8221;custom_link&#8221; css=&#8221;.vc_custom_1569481134380{padding-right: 40px !important;}&#8221; link=&#8221;http:\/\/www.adami.fr\/&#8221;][\/vc_column][vc_column width=&#8221;1\/4&#8243;][vc_single_image image=&#8221;603&#8243; img_size=&#8221;medium&#8221; onclick=&#8221;custom_link&#8221; css=&#8221;.vc_custom_1569481147083{padding-right: 40px !important;}&#8221; link=&#8221;http:\/\/www.institutfrancais.com\/&#8221;][\/vc_column][\/vc_row][vc_row gap=&#8221;35&#8243; css=&#8221;.vc_custom_1569480840956{padding-right: 20% !important;}&#8221;][vc_column width=&#8221;1\/4&#8243;][vc_single_image image=&#8221;604&#8243; img_size=&#8221;medium&#8221; onclick=&#8221;custom_link&#8221; css=&#8221;.vc_custom_1569481163061{padding-right: 40px !important;}&#8221; link=&#8221;http:\/\/www.fevis.com\/&#8221;][\/vc_column][vc_column width=&#8221;1\/4&#8243;][vc_single_image image=&#8221;605&#8243; img_size=&#8221;medium&#8221; onclick=&#8221;custom_link&#8221; css=&#8221;.vc_custom_1569481231476{padding-right: 40px !important;}&#8221; link=&#8221;http:\/\/www.profedim.org\/&#8221;][\/vc_column][vc_column width=&#8221;1\/4&#8243;][vc_single_image image=&#8221;606&#8243; img_size=&#8221;medium&#8221; onclick=&#8221;custom_link&#8221; css=&#8221;.vc_custom_1569481225694{padding-right: 40px !important;}&#8221; link=&#8221;http:\/\/www.french-music.org\/accueil.html&#8221;][\/vc_column][vc_column width=&#8221;1\/4&#8243;][vc_single_image image=&#8221;607&#8243; img_size=&#8221;medium&#8221; onclick=&#8221;custom_link&#8221; css=&#8221;.vc_custom_1569481245692{padding-right: 40px !important;}&#8221; link=&#8221;http:\/\/www.telemann2017.eu\/de\/&#8221;][\/vc_column][\/vc_row]<\/p>","protected":false},"excerpt":{"rendered":"<p>[vc_row][vc_column][vc_column_text] La R\u00eaveuse Ensemble is supported by the Ministry of Culture (DRAC Centre-Val de Loire) and by the R\u00e9gion Centre-Val &hellip; <\/p>\n<p class=\"link-more\"><a href=\"https:\/\/ensemblelareveuse.com\/en\/soutien\/\" class=\"more-link\">Continue reading<span class=\"screen-reader-text\"> &#8220;Awards and Partners&#8221;<\/span><\/a><\/p>\n","protected":false},"author":1,"featured_media":0,"parent":0,"menu_order":0,"comment_status":"closed","ping_status":"closed","template":"","meta":{"footnotes":""},"_links":{"self":[{"href":"https:\/\/ensemblelareveuse.com\/en\/wp-json\/wp\/v2\/pages\/470"}],"collection":[{"href":"https:\/\/ensemblelareveuse.com\/en\/wp-json\/wp\/v2\/pages"}],"about":[{"href":"https:\/\/ensemblelareveuse.com\/en\/wp-json\/wp\/v2\/types\/page"}],"author":[{"embeddable":true,"href":"https:\/\/ensemblelareveuse.com\/en\/wp-json\/wp\/v2\/users\/1"}],"replies":[{"embeddable":true,"href":"https:\/\/ensemblelareveuse.com\/en\/wp-json\/wp\/v2\/comments?post=470"}],"version-history":[{"count":99,"href":"https:\/\/ensemblelareveuse.com\/en\/wp-json\/wp\/v2\/pages\/470\/revisions"}],"predecessor-version":[{"id":6394,"href":"https:\/\/ensemblelareveuse.com\/en\/wp-json\/wp\/v2\/pages\/470\/revisions\/6394"}],"wp:attachment":[{"href":"https:\/\/ensemblelareveuse.com\/en\/wp-json\/wp\/v2\/media?parent=470"}],"curies":[{"name":"wp","href":"https:\/\/api.w.org\/{rel}","templated":true}]}}