{"id":51,"date":"2019-06-04T10:00:22","date_gmt":"2019-06-04T08:00:22","guid":{"rendered":"http:\/\/ensemblelareveuse.com\/?page_id=51"},"modified":"2020-11-09T11:57:49","modified_gmt":"2020-11-09T10:57:49","slug":"mentions-legales","status":"publish","type":"page","link":"https:\/\/ensemblelareveuse.com\/en\/mentions-legales\/","title":{"rendered":"Legal notice"},"content":{"rendered":"<p>[vc_row][vc_column][vc_column_text]Editor\u00a0 Ensemble La R\u00eaveuse<\/p>\n<p>Conservatoire des Cr\u00e9neaux<\/p>\n<p>1 Place de la R\u00e9publique<\/p>\n<p>45000 ORLEANS-\u00a0 FRANCE<\/p>\n<p>N\u00b0 Siret : 48197423600046 &#8211; Code APE : 9001 Z &#8211; N\u00b0 TVA FR77481974236<\/p>\n<p>Jacques Victor President and Marion PAQUIER Administrator<\/p>\n<p>Exploitation : http:\/\/www.ensemblelareveuse.com by Ensemble La R\u00eaveuse Conservatoire des Cr\u00e9neaux 1 Place de la R\u00e9publique 45000 ORLEANS FRANCE<\/p>\n<p>Creation and developpement\u00a0 :<\/p>\n<p>Cl\u00e9ment Sayous<\/p>\n<p>www.clementsayous.fr<\/p>\n<p>Home:<br \/>\nOVH<br \/>\n140 Quai du Sartel \u2013 59100 Roubaix<br \/>\nT\u00e9l : 08 203 203 63<br \/>\nwww.ovh.com[\/vc_column_text][\/vc_column][\/vc_row][vc_row][vc_column][vc_column_text]<\/p>\n<p>Je suis un bloc de texte, cliquez sur le bouton \\&#8221;\u00e9diter\\&#8221; pour me modifier. Lorem ipsum dolor sit amet, consectetur adipiscing elit. Ut elit tellus, luctus nec ullamcorper mattis, pulvinar dapibus leo.<\/p>\n<p>[\/vc_column_text][\/vc_column][\/vc_row]<\/p>","protected":false},"excerpt":{"rendered":"<p>[vc_row][vc_column][vc_column_text]Editor\u00a0 Ensemble La R\u00eaveuse Conservatoire des Cr\u00e9neaux 1 Place de la R\u00e9publique 45000 ORLEANS-\u00a0 FRANCE N\u00b0 Siret : 48197423600046 &#8211; &hellip; <\/p>\n<p class=\"link-more\"><a href=\"https:\/\/ensemblelareveuse.com\/en\/mentions-legales\/\" class=\"more-link\">Continue reading<span class=\"screen-reader-text\"> &#8220;Legal notice&#8221;<\/span><\/a><\/p>\n","protected":false},"author":1,"featured_media":0,"parent":0,"menu_order":0,"comment_status":"closed","ping_status":"closed","template":"","meta":{"footnotes":""},"_links":{"self":[{"href":"https:\/\/ensemblelareveuse.com\/en\/wp-json\/wp\/v2\/pages\/51"}],"collection":[{"href":"https:\/\/ensemblelareveuse.com\/en\/wp-json\/wp\/v2\/pages"}],"about":[{"href":"https:\/\/ensemblelareveuse.com\/en\/wp-json\/wp\/v2\/types\/page"}],"author":[{"embeddable":true,"href":"https:\/\/ensemblelareveuse.com\/en\/wp-json\/wp\/v2\/users\/1"}],"replies":[{"embeddable":true,"href":"https:\/\/ensemblelareveuse.com\/en\/wp-json\/wp\/v2\/comments?post=51"}],"version-history":[{"count":10,"href":"https:\/\/ensemblelareveuse.com\/en\/wp-json\/wp\/v2\/pages\/51\/revisions"}],"predecessor-version":[{"id":3406,"href":"https:\/\/ensemblelareveuse.com\/en\/wp-json\/wp\/v2\/pages\/51\/revisions\/3406"}],"wp:attachment":[{"href":"https:\/\/ensemblelareveuse.com\/en\/wp-json\/wp\/v2\/media?parent=51"}],"curies":[{"name":"wp","href":"https:\/\/api.w.org\/{rel}","templated":true}]}}